{"id":8028,"date":"2023-08-30T15:11:38","date_gmt":"2023-08-30T20:11:38","guid":{"rendered":"http:\/\/nettingsolutions.com\/?page_id=8028"},"modified":"2025-09-11T05:42:36","modified_gmt":"2025-09-11T10:42:36","slug":"powerbi-team","status":"publish","type":"page","link":"https:\/\/nettingsolutions.com\/es\/powerbi-team\/","title":{"rendered":"Equipos de Power Bi"},"content":{"rendered":"<div data-elementor-type=\"wp-page\" data-elementor-id=\"8028\" class=\"elementor elementor-8028\" data-elementor-post-type=\"page\">\n\t\t\t\t\t\t<section class=\"elementor-section elementor-top-section elementor-element elementor-element-2086bbb elementor-section-full_width elementor-section-stretched gradient-3 elementor-section-height-default elementor-section-height-default\" data-id=\"2086bbb\" data-element_type=\"section\" data-settings=\"{&quot;stretch_section&quot;:&quot;section-stretched&quot;,&quot;background_background&quot;:&quot;gradient&quot;}\">\n\t\t\t\t\t\t<div class=\"elementor-container elementor-column-gap-default\">\n\t\t\t\t\t<div class=\"elementor-column elementor-col-50 elementor-top-column elementor-element elementor-element-1ec2a06\" data-id=\"1ec2a06\" data-element_type=\"column\">\n\t\t\t<div class=\"elementor-widget-wrap elementor-element-populated\">\n\t\t\t\t\t\t<div class=\"elementor-element elementor-element-fda7338 elementor-widget elementor-widget-text-editor\" data-id=\"fda7338\" data-element_type=\"widget\" data-widget_type=\"text-editor.default\">\n\t\t\t\t<div class=\"elementor-widget-container\">\n\t\t\t\t\t\t\tEquipos de Power Bi\t\t\t\t\t\t<\/div>\n\t\t\t\t<\/div>\n\t\t\t\t<div class=\"elementor-element elementor-element-d9df3f4 elementor-widget elementor-widget-text-editor\" data-id=\"d9df3f4\" data-element_type=\"widget\" data-widget_type=\"text-editor.default\">\n\t\t\t\t<div class=\"elementor-widget-container\">\n\t\t\t\t\t\t\tAccelerate your report building and improve your team decision making simplifying complex and multiple platforms\t\t\t\t\t\t<\/div>\n\t\t\t\t<\/div>\n\t\t\t\t<div class=\"elementor-element elementor-element-668f86a elementor-widget elementor-widget-button elh-el button\" data-id=\"668f86a\" data-element_type=\"widget\" data-settings=\"{&quot;_animation&quot;:&quot;none&quot;,&quot;design_style&quot;:&quot;style_1&quot;}\" data-widget_type=\"button.default\">\n\t\t\t\t<div class=\"elementor-widget-container\">\n\t\t\t\r\n                <div class=\"button-wrapper\">\r\n            <a class=\"bbbbbb btn btn_border border_light border_light-2 text-uppercase\" href=\"#contactus-powerbi\">\r\n                EXPLORE MORE             <\/a>\r\n        <\/div>\r\n                \t\t<\/div>\n\t\t\t\t<\/div>\n\t\t\t\t\t<\/div>\n\t\t<\/div>\n\t\t\t\t<div class=\"elementor-column elementor-col-50 elementor-top-column elementor-element elementor-element-da77f0e\" data-id=\"da77f0e\" data-element_type=\"column\">\n\t\t\t<div class=\"elementor-widget-wrap elementor-element-populated\">\n\t\t\t\t\t\t<div class=\"elementor-element elementor-element-7ae7998 elementor-widget elementor-widget-image\" data-id=\"7ae7998\" data-element_type=\"widget\" data-widget_type=\"image.default\">\n\t\t\t\t<div class=\"elementor-widget-container\">\n\t\t\t\t\t\t\t\t\t\t\t\t\t<img fetchpriority=\"high\" decoding=\"async\" width=\"286\" height=\"300\" src=\"https:\/\/nettingsolutions.com\/wp-content\/uploads\/2024\/11\/Group-286x300.png\" class=\"attachment-medium size-medium wp-image-14978\" alt=\"\" srcset=\"https:\/\/nettingsolutions.com\/wp-content\/uploads\/2024\/11\/Group-286x300.png 286w, https:\/\/nettingsolutions.com\/wp-content\/uploads\/2024\/11\/Group-11x12.png 11w, https:\/\/nettingsolutions.com\/wp-content\/uploads\/2024\/11\/Group.png 563w\" sizes=\"(max-width: 286px) 100vw, 286px\" \/>\t\t\t\t\t\t\t\t\t\t\t\t\t<\/div>\n\t\t\t\t<\/div>\n\t\t\t\t\t<\/div>\n\t\t<\/div>\n\t\t\t\t\t<\/div>\n\t\t<\/section>\n\t\t\t\t<section class=\"elementor-section elementor-top-section elementor-element elementor-element-671aa9b elementor-section-full_width elementor-section-height-default elementor-section-height-default\" data-id=\"671aa9b\" data-element_type=\"section\" data-settings=\"{&quot;background_background&quot;:&quot;gradient&quot;}\">\n\t\t\t\t\t\t<div class=\"elementor-container elementor-column-gap-default\">\n\t\t\t\t\t<div class=\"elementor-column elementor-col-100 elementor-top-column elementor-element elementor-element-c3152ab\" data-id=\"c3152ab\" data-element_type=\"column\">\n\t\t\t<div class=\"elementor-widget-wrap elementor-element-populated\">\n\t\t\t\t\t\t<div class=\"elementor-element elementor-element-5d95f1f elementor-widget elementor-widget-about elh-el about\" data-id=\"5d95f1f\" data-element_type=\"widget\" data-settings=\"{&quot;design_style&quot;:&quot;style_1&quot;}\" data-widget_type=\"about.default\">\n\t\t\t\t<div class=\"elementor-widget-container\">\n\t\t\t\n    <section class=\"about_section\">\n        <div class=\"container\">\n            <div class=\"row justify-content-lg-between\">\n                <div class=\"col-lg-5 col-md-5\">\n                    <div class=\"section_title\">\n                                                <h2 class=\"small_title\">\n                            Overpass any dynamic                            <span class=\"line\"><\/span>\n                        <\/h2>\n                                                                        <h3 class=\"big_title text_effect_wrap\">\n                            Wether you need extra capacity for small and large projects we design a support model for your team's daily, weekly, and monthly needs.                        <\/h3>\n                                                                    <\/div>\n                <\/div>\n                <div class=\"col-lg-6 col-md-7\">\n                    <div class=\"about_content\">\n                                                <h3 class=\"about_title text_effect_wrap\">\n                            Proporcionar soporte para tareas de creaci\u00f3n de informes y mantenimiento de datos. Automatizaci\u00f3n de procesos de enriquecimiento, limpieza y estandarizaci\u00f3n de datos. Visualizaci\u00f3n y estructuras de KPI.                        <\/h3>\n                                                                    <\/div>\n                                        <ul class=\"funfact_list ul_li\">\n                                                <li>\n                            <h4>2<\/h4>\n                            <p>a\u00f1os <br> trabajando con PowerBi<\/p>\n                        <\/li>\n                                                <li>\n                            <h4>2<\/h4>\n                            <p>semanas<br> para la incorporaci\u00f3n del equipo<\/p>\n                        <\/li>\n                                            <\/ul>\n                                    <\/div>\n\n            <\/div>\n        <\/div>\n    <\/section>\n            \t\t<\/div>\n\t\t\t\t<\/div>\n\t\t\t\t<div class=\"elementor-element elementor-element-1ee1473 elementor-absolute elementor-widget elementor-widget-image\" data-id=\"1ee1473\" data-element_type=\"widget\" data-settings=\"{&quot;_position&quot;:&quot;absolute&quot;}\" data-widget_type=\"image.default\">\n\t\t\t\t<div class=\"elementor-widget-container\">\n\t\t\t\t\t\t\t\t\t\t\t\t\t<img decoding=\"async\" width=\"568\" height=\"593\" src=\"https:\/\/nettingsolutions.com\/wp-content\/uploads\/2024\/11\/Group-12.png\" class=\"attachment-medium_large size-medium_large wp-image-14873\" alt=\"\" srcset=\"https:\/\/nettingsolutions.com\/wp-content\/uploads\/2024\/11\/Group-12.png 568w, https:\/\/nettingsolutions.com\/wp-content\/uploads\/2024\/11\/Group-12-287x300.png 287w, https:\/\/nettingsolutions.com\/wp-content\/uploads\/2024\/11\/Group-12-11x12.png 11w\" sizes=\"(max-width: 568px) 100vw, 568px\" \/>\t\t\t\t\t\t\t\t\t\t\t\t\t<\/div>\n\t\t\t\t<\/div>\n\t\t\t\t<div class=\"elementor-element elementor-element-61b8a0a elementor-absolute elementor-widget elementor-widget-image\" data-id=\"61b8a0a\" data-element_type=\"widget\" data-settings=\"{&quot;_position&quot;:&quot;absolute&quot;}\" data-widget_type=\"image.default\">\n\t\t\t\t<div class=\"elementor-widget-container\">\n\t\t\t\t\t\t\t\t\t\t\t\t\t<img decoding=\"async\" width=\"568\" height=\"115\" src=\"https:\/\/nettingsolutions.com\/wp-content\/uploads\/2024\/10\/Group-8.png\" class=\"attachment-medium_large size-medium_large wp-image-14661\" alt=\"\" srcset=\"https:\/\/nettingsolutions.com\/wp-content\/uploads\/2024\/10\/Group-8.png 568w, https:\/\/nettingsolutions.com\/wp-content\/uploads\/2024\/10\/Group-8-300x61.png 300w, https:\/\/nettingsolutions.com\/wp-content\/uploads\/2024\/10\/Group-8-18x4.png 18w\" sizes=\"(max-width: 568px) 100vw, 568px\" \/>\t\t\t\t\t\t\t\t\t\t\t\t\t<\/div>\n\t\t\t\t<\/div>\n\t\t\t\t\t<\/div>\n\t\t<\/div>\n\t\t\t\t\t<\/div>\n\t\t<\/section>\n\t\t\t\t<section class=\"elementor-section elementor-top-section elementor-element elementor-element-148422f elementor-section-full_width elementor-section-stretched elementor-section-height-default elementor-section-height-default\" data-id=\"148422f\" data-element_type=\"section\" data-settings=\"{&quot;stretch_section&quot;:&quot;section-stretched&quot;,&quot;background_background&quot;:&quot;gradient&quot;}\">\n\t\t\t\t\t\t<div class=\"elementor-container elementor-column-gap-default\">\n\t\t\t\t\t<div class=\"elementor-column elementor-col-50 elementor-top-column elementor-element elementor-element-ae7b856\" data-id=\"ae7b856\" data-element_type=\"column\">\n\t\t\t<div class=\"elementor-widget-wrap elementor-element-populated\">\n\t\t\t\t\t\t<div class=\"elementor-element elementor-element-5773bdd elementor-widget elementor-widget-text-editor\" data-id=\"5773bdd\" data-element_type=\"widget\" data-widget_type=\"text-editor.default\">\n\t\t\t\t<div class=\"elementor-widget-container\">\n\t\t\t\t\t\t\tDesigning your solution using our <strong>Team-Services-PowerBI-Rollout Fit\u00a0<\/strong>\t\t\t\t\t\t<\/div>\n\t\t\t\t<\/div>\n\t\t\t\t\t<\/div>\n\t\t<\/div>\n\t\t\t\t<div class=\"elementor-column elementor-col-50 elementor-top-column elementor-element elementor-element-a3552ab\" data-id=\"a3552ab\" data-element_type=\"column\">\n\t\t\t<div class=\"elementor-widget-wrap elementor-element-populated\">\n\t\t\t\t\t\t<div class=\"elementor-element elementor-element-b139b48 elementor-widget elementor-widget-text-editor\" data-id=\"b139b48\" data-element_type=\"widget\" data-widget_type=\"text-editor.default\">\n\t\t\t\t<div class=\"elementor-widget-container\">\n\t\t\t\t\t\t\t01. Conectividad de fuente de datos<br>\n02. Referencias de funciones DAX<br>\n03. Data Modeling and Visualization<br>\nAutomatizaci\u00f3n de reportes<br>\n05. Personalizaci\u00f3n de paneles de reportes<br>\n06. Entregables y tareas espec\u00edficas\t\t\t\t\t\t<\/div>\n\t\t\t\t<\/div>\n\t\t\t\t<div class=\"elementor-element elementor-element-fcc0dfd elementor-widget elementor-widget-button elh-el button\" data-id=\"fcc0dfd\" data-element_type=\"widget\" data-settings=\"{&quot;_animation&quot;:&quot;none&quot;,&quot;design_style&quot;:&quot;style_1&quot;}\" data-widget_type=\"button.default\">\n\t\t\t\t<div class=\"elementor-widget-container\">\n\t\t\t\r\n                <div class=\"button-wrapper\">\r\n            <a class=\"bbbbbb btn btn_border border_light border_light-2 text-uppercase\" href=\"https:\/\/nettingsolutions.com\/es\/contactus\/\">\r\n                get analytics capacity            <\/a>\r\n        <\/div>\r\n                \t\t<\/div>\n\t\t\t\t<\/div>\n\t\t\t\t\t<\/div>\n\t\t<\/div>\n\t\t\t\t\t<\/div>\n\t\t<\/section>\n\t\t\t\t<section class=\"elementor-section elementor-top-section elementor-element elementor-element-c82096b elementor-section-full_width elementor-section-stretched elementor-section-height-default elementor-section-height-default\" data-id=\"c82096b\" data-element_type=\"section\" data-settings=\"{&quot;stretch_section&quot;:&quot;section-stretched&quot;,&quot;background_background&quot;:&quot;classic&quot;}\">\n\t\t\t\t\t\t<div class=\"elementor-container elementor-column-gap-default\">\n\t\t\t\t\t<div class=\"elementor-column elementor-col-100 elementor-top-column elementor-element elementor-element-cc3f393\" data-id=\"cc3f393\" data-element_type=\"column\">\n\t\t\t<div class=\"elementor-widget-wrap elementor-element-populated\">\n\t\t\t\t\t\t<div class=\"elementor-element elementor-element-0ae6400 elementor-widget elementor-widget-text-editor\" data-id=\"0ae6400\" data-element_type=\"widget\" data-widget_type=\"text-editor.default\">\n\t\t\t\t<div class=\"elementor-widget-container\">\n\t\t\t\t\t\t\t<p>Expand your data analytics and insights with immediacy and precision<\/p>\t\t\t\t\t\t<\/div>\n\t\t\t\t<\/div>\n\t\t\t\t\t<\/div>\n\t\t<\/div>\n\t\t\t\t\t<\/div>\n\t\t<\/section>\n\t\t\t\t<\/div>","protected":false},"excerpt":{"rendered":"<p>PowerBi TeamsAccelerate your report building and improve your team decision making simplifying complex and multiple platforms EXPLORE MORE Overpass any dynamic Wether you need extra capacity for small and large projects we design a support model for your team&#8217;s daily, weekly, and monthly needs. Providing support for report building and data maintenance tasks. Automation data [&hellip;]<\/p>\n","protected":false},"author":1,"featured_media":0,"parent":0,"menu_order":0,"comment_status":"closed","ping_status":"closed","template":"elementor_header_footer","meta":{"_acf_changed":false,"inline_featured_image":false,"footnotes":""},"class_list":["post-8028","page","type-page","status-publish","hentry"],"acf":[],"yoast_head":"<!-- This site is optimized with the Yoast SEO plugin v27.1.1 - https:\/\/yoast.com\/product\/yoast-seo-wordpress\/ -->\n<title>PowerBi Teams - On Task - Marketing Automation and Agent Platforms Operations<\/title>\n<meta name=\"robots\" content=\"index, follow, max-snippet:-1, max-image-preview:large, max-video-preview:-1\" \/>\n<link rel=\"canonical\" href=\"https:\/\/nettingsolutions.com\/es\/powerbi-team\/\" \/>\n<meta property=\"og:locale\" content=\"es_ES\" \/>\n<meta property=\"og:type\" content=\"article\" \/>\n<meta property=\"og:title\" content=\"PowerBi Teams - On Task - Marketing Automation and Agent Platforms Operations\" \/>\n<meta property=\"og:description\" content=\"PowerBi TeamsAccelerate your report building and improve your team decision making simplifying complex and multiple platforms EXPLORE MORE Overpass any dynamic Wether you need extra capacity for small and large projects we design a support model for your team&#8217;s daily, weekly, and monthly needs. Providing support for report building and data maintenance tasks. Automation data [&hellip;]\" \/>\n<meta property=\"og:url\" content=\"https:\/\/nettingsolutions.com\/es\/powerbi-team\/\" \/>\n<meta property=\"og:site_name\" content=\"On Task - Marketing Automation and Agent Platforms Operations\" \/>\n<meta property=\"article:modified_time\" content=\"2025-09-11T10:42:36+00:00\" \/>\n<meta property=\"og:image\" content=\"https:\/\/nettingsolutions.com\/wp-content\/uploads\/2024\/11\/Group.png\" \/>\n\t<meta property=\"og:image:width\" content=\"563\" \/>\n\t<meta property=\"og:image:height\" content=\"590\" \/>\n\t<meta property=\"og:image:type\" content=\"image\/png\" \/>\n<meta name=\"twitter:card\" content=\"summary_large_image\" \/>\n<meta name=\"twitter:label1\" content=\"Tiempo de lectura\" \/>\n\t<meta name=\"twitter:data1\" content=\"2 minutos\" \/>\n<script type=\"application\/ld+json\" class=\"yoast-schema-graph\">{\"@context\":\"https:\/\/schema.org\",\"@graph\":[{\"@type\":\"WebPage\",\"@id\":\"https:\/\/nettingsolutions.com\/powerbi-team\/\",\"url\":\"https:\/\/nettingsolutions.com\/powerbi-team\/\",\"name\":\"PowerBi Teams - On Task - Marketing Automation and Agent Platforms Operations\",\"isPartOf\":{\"@id\":\"https:\/\/nettingsolutions.com\/#website\"},\"primaryImageOfPage\":{\"@id\":\"https:\/\/nettingsolutions.com\/powerbi-team\/#primaryimage\"},\"image\":{\"@id\":\"https:\/\/nettingsolutions.com\/powerbi-team\/#primaryimage\"},\"thumbnailUrl\":\"https:\/\/nettingsolutions.com\/wp-content\/uploads\/2024\/11\/Group-286x300.png\",\"datePublished\":\"2023-08-30T20:11:38+00:00\",\"dateModified\":\"2025-09-11T10:42:36+00:00\",\"breadcrumb\":{\"@id\":\"https:\/\/nettingsolutions.com\/powerbi-team\/#breadcrumb\"},\"inLanguage\":\"es\",\"potentialAction\":[{\"@type\":\"ReadAction\",\"target\":[\"https:\/\/nettingsolutions.com\/powerbi-team\/\"]}]},{\"@type\":\"ImageObject\",\"inLanguage\":\"es\",\"@id\":\"https:\/\/nettingsolutions.com\/powerbi-team\/#primaryimage\",\"url\":\"https:\/\/nettingsolutions.com\/wp-content\/uploads\/2024\/11\/Group-286x300.png\",\"contentUrl\":\"https:\/\/nettingsolutions.com\/wp-content\/uploads\/2024\/11\/Group-286x300.png\"},{\"@type\":\"BreadcrumbList\",\"@id\":\"https:\/\/nettingsolutions.com\/powerbi-team\/#breadcrumb\",\"itemListElement\":[{\"@type\":\"ListItem\",\"position\":1,\"name\":\"Home\",\"item\":\"https:\/\/nettingsolutions.com\/\"},{\"@type\":\"ListItem\",\"position\":2,\"name\":\"PowerBi Teams\"}]},{\"@type\":\"WebSite\",\"@id\":\"https:\/\/nettingsolutions.com\/#website\",\"url\":\"https:\/\/nettingsolutions.com\/\",\"name\":\"Marketing Operations Support\",\"description\":\"Marketo - Hubspot - Customer.io - n8n - Agentic AI\",\"publisher\":{\"@id\":\"https:\/\/nettingsolutions.com\/#organization\"},\"potentialAction\":[{\"@type\":\"SearchAction\",\"target\":{\"@type\":\"EntryPoint\",\"urlTemplate\":\"https:\/\/nettingsolutions.com\/?s={search_term_string}\"},\"query-input\":{\"@type\":\"PropertyValueSpecification\",\"valueRequired\":true,\"valueName\":\"search_term_string\"}}],\"inLanguage\":\"es\"},{\"@type\":\"Organization\",\"@id\":\"https:\/\/nettingsolutions.com\/#organization\",\"name\":\"Netting Solutions\",\"url\":\"https:\/\/nettingsolutions.com\/\",\"logo\":{\"@type\":\"ImageObject\",\"inLanguage\":\"es\",\"@id\":\"https:\/\/nettingsolutions.com\/#\/schema\/logo\/image\/\",\"url\":\"https:\/\/nettingsolutions.com\/wp-content\/uploads\/2025\/08\/cropped-logo-netting-on.png\",\"contentUrl\":\"https:\/\/nettingsolutions.com\/wp-content\/uploads\/2025\/08\/cropped-logo-netting-on.png\",\"width\":920,\"height\":224,\"caption\":\"Netting Solutions\"},\"image\":{\"@id\":\"https:\/\/nettingsolutions.com\/#\/schema\/logo\/image\/\"}}]}<\/script>\n<!-- \/ Yoast SEO plugin. -->","yoast_head_json":{"title":"PowerBi Teams - On Task - Marketing Automation and Agent Platforms Operations","robots":{"index":"index","follow":"follow","max-snippet":"max-snippet:-1","max-image-preview":"max-image-preview:large","max-video-preview":"max-video-preview:-1"},"canonical":"https:\/\/nettingsolutions.com\/es\/powerbi-team\/","og_locale":"es_ES","og_type":"article","og_title":"PowerBi Teams - On Task - Marketing Automation and Agent Platforms Operations","og_description":"PowerBi TeamsAccelerate your report building and improve your team decision making simplifying complex and multiple platforms EXPLORE MORE Overpass any dynamic Wether you need extra capacity for small and large projects we design a support model for your team&#8217;s daily, weekly, and monthly needs. Providing support for report building and data maintenance tasks. Automation data [&hellip;]","og_url":"https:\/\/nettingsolutions.com\/es\/powerbi-team\/","og_site_name":"On Task - Marketing Automation and Agent Platforms Operations","article_modified_time":"2025-09-11T10:42:36+00:00","og_image":[{"width":563,"height":590,"url":"https:\/\/nettingsolutions.com\/wp-content\/uploads\/2024\/11\/Group.png","type":"image\/png"}],"twitter_card":"summary_large_image","twitter_misc":{"Tiempo de lectura":"2 minutos"},"schema":{"@context":"https:\/\/schema.org","@graph":[{"@type":"WebPage","@id":"https:\/\/nettingsolutions.com\/powerbi-team\/","url":"https:\/\/nettingsolutions.com\/powerbi-team\/","name":"PowerBi Teams - On Task - Marketing Automation and Agent Platforms Operations","isPartOf":{"@id":"https:\/\/nettingsolutions.com\/#website"},"primaryImageOfPage":{"@id":"https:\/\/nettingsolutions.com\/powerbi-team\/#primaryimage"},"image":{"@id":"https:\/\/nettingsolutions.com\/powerbi-team\/#primaryimage"},"thumbnailUrl":"https:\/\/nettingsolutions.com\/wp-content\/uploads\/2024\/11\/Group-286x300.png","datePublished":"2023-08-30T20:11:38+00:00","dateModified":"2025-09-11T10:42:36+00:00","breadcrumb":{"@id":"https:\/\/nettingsolutions.com\/powerbi-team\/#breadcrumb"},"inLanguage":"es","potentialAction":[{"@type":"ReadAction","target":["https:\/\/nettingsolutions.com\/powerbi-team\/"]}]},{"@type":"ImageObject","inLanguage":"es","@id":"https:\/\/nettingsolutions.com\/powerbi-team\/#primaryimage","url":"https:\/\/nettingsolutions.com\/wp-content\/uploads\/2024\/11\/Group-286x300.png","contentUrl":"https:\/\/nettingsolutions.com\/wp-content\/uploads\/2024\/11\/Group-286x300.png"},{"@type":"BreadcrumbList","@id":"https:\/\/nettingsolutions.com\/powerbi-team\/#breadcrumb","itemListElement":[{"@type":"ListItem","position":1,"name":"Home","item":"https:\/\/nettingsolutions.com\/"},{"@type":"ListItem","position":2,"name":"PowerBi Teams"}]},{"@type":"WebSite","@id":"https:\/\/nettingsolutions.com\/#website","url":"https:\/\/nettingsolutions.com\/","name":"Marketing Operations Support","description":"Marketo - Hubspot - Customer.io - n8n - Agentic AI","publisher":{"@id":"https:\/\/nettingsolutions.com\/#organization"},"potentialAction":[{"@type":"SearchAction","target":{"@type":"EntryPoint","urlTemplate":"https:\/\/nettingsolutions.com\/?s={search_term_string}"},"query-input":{"@type":"PropertyValueSpecification","valueRequired":true,"valueName":"search_term_string"}}],"inLanguage":"es"},{"@type":"Organization","@id":"https:\/\/nettingsolutions.com\/#organization","name":"Netting Solutions","url":"https:\/\/nettingsolutions.com\/","logo":{"@type":"ImageObject","inLanguage":"es","@id":"https:\/\/nettingsolutions.com\/#\/schema\/logo\/image\/","url":"https:\/\/nettingsolutions.com\/wp-content\/uploads\/2025\/08\/cropped-logo-netting-on.png","contentUrl":"https:\/\/nettingsolutions.com\/wp-content\/uploads\/2025\/08\/cropped-logo-netting-on.png","width":920,"height":224,"caption":"Netting Solutions"},"image":{"@id":"https:\/\/nettingsolutions.com\/#\/schema\/logo\/image\/"}}]}},"_links":{"self":[{"href":"https:\/\/nettingsolutions.com\/es\/wp-json\/wp\/v2\/pages\/8028","targetHints":{"allow":["GET"]}}],"collection":[{"href":"https:\/\/nettingsolutions.com\/es\/wp-json\/wp\/v2\/pages"}],"about":[{"href":"https:\/\/nettingsolutions.com\/es\/wp-json\/wp\/v2\/types\/page"}],"author":[{"embeddable":true,"href":"https:\/\/nettingsolutions.com\/es\/wp-json\/wp\/v2\/users\/1"}],"replies":[{"embeddable":true,"href":"https:\/\/nettingsolutions.com\/es\/wp-json\/wp\/v2\/comments?post=8028"}],"version-history":[{"count":0,"href":"https:\/\/nettingsolutions.com\/es\/wp-json\/wp\/v2\/pages\/8028\/revisions"}],"wp:attachment":[{"href":"https:\/\/nettingsolutions.com\/es\/wp-json\/wp\/v2\/media?parent=8028"}],"curies":[{"name":"wp","href":"https:\/\/api.w.org\/{rel}","templated":true}]}}